{"id":63,"date":"2014-09-07T15:57:08","date_gmt":"2014-09-07T13:57:08","guid":{"rendered":"http:\/\/neu.villa-blocher.de\/en\/?page_id=63"},"modified":"2022-10-23T18:34:13","modified_gmt":"2022-10-23T16:34:13","slug":"a-lot-to-offer","status":"publish","type":"page","link":"http:\/\/villa-blocher.de\/en\/a-lot-to-offer\/","title":{"rendered":"A lot to offer"},"content":{"rendered":"<div id='gallery-1' class='gallery galleryid-63 gallery-columns-3 gallery-size-thumbnail'><figure class='gallery-item'>\n\t\t\t<div class='gallery-icon portrait'>\n\t\t\t\t<a href='http:\/\/villa-blocher.de\/en\/a-lot-to-offer\/olympus-digital-camera-18\/'><img width=\"150\" height=\"150\" src=\"http:\/\/villa-blocher.de\/en\/wp-content\/uploads\/sites\/2\/2014\/09\/27092014-038-150x150.jpg\" class=\"attachment-thumbnail size-thumbnail\" alt=\"\" loading=\"lazy\" style=\"width:100%;height:133.33%;max-width:1500px;\" \/><\/a>\n\t\t\t<\/div><\/figure><figure class='gallery-item'>\n\t\t\t<div class='gallery-icon landscape'>\n\t\t\t\t<a href='http:\/\/villa-blocher.de\/en\/a-lot-to-offer\/olympus-digital-camera-19\/'><img width=\"150\" height=\"150\" src=\"http:\/\/villa-blocher.de\/en\/wp-content\/uploads\/sites\/2\/2014\/09\/27092014-003-150x150.jpg\" class=\"attachment-thumbnail size-thumbnail\" alt=\"\" loading=\"lazy\" style=\"width:100%;height:75%;max-width:2000px;\" \/><\/a>\n\t\t\t<\/div><\/figure><figure class='gallery-item'>\n\t\t\t<div class='gallery-icon landscape'>\n\t\t\t\t<a href='http:\/\/villa-blocher.de\/en\/a-lot-to-offer\/olympus-digital-camera-20\/'><img width=\"150\" height=\"150\" src=\"http:\/\/villa-blocher.de\/en\/wp-content\/uploads\/sites\/2\/2014\/09\/27092014-010-150x150.jpg\" class=\"attachment-thumbnail size-thumbnail\" alt=\"\" loading=\"lazy\" style=\"width:100%;height:75%;max-width:2000px;\" \/><\/a>\n\t\t\t<\/div><\/figure><figure class='gallery-item'>\n\t\t\t<div class='gallery-icon landscape'>\n\t\t\t\t<a href='http:\/\/villa-blocher.de\/en\/a-lot-to-offer\/olympus-digital-camera-21\/'><img width=\"150\" height=\"150\" src=\"http:\/\/villa-blocher.de\/en\/wp-content\/uploads\/sites\/2\/2014\/09\/27092014-016-150x150.jpg\" class=\"attachment-thumbnail size-thumbnail\" alt=\"\" loading=\"lazy\" style=\"width:100%;height:75%;max-width:2000px;\" \/><\/a>\n\t\t\t<\/div><\/figure><figure class='gallery-item'>\n\t\t\t<div class='gallery-icon landscape'>\n\t\t\t\t<a href='http:\/\/villa-blocher.de\/en\/a-lot-to-offer\/olympus-digital-camera-22\/'><img width=\"150\" height=\"150\" src=\"http:\/\/villa-blocher.de\/en\/wp-content\/uploads\/sites\/2\/2014\/09\/27092014-022-150x150.jpg\" class=\"attachment-thumbnail size-thumbnail\" alt=\"\" loading=\"lazy\" style=\"width:100%;height:75%;max-width:2000px;\" \/><\/a>\n\t\t\t<\/div><\/figure><figure class='gallery-item'>\n\t\t\t<div class='gallery-icon landscape'>\n\t\t\t\t<a href='http:\/\/villa-blocher.de\/en\/a-lot-to-offer\/olympus-digital-camera-23\/'><img width=\"150\" height=\"150\" src=\"http:\/\/villa-blocher.de\/en\/wp-content\/uploads\/sites\/2\/2014\/09\/27092014-028-150x150.jpg\" class=\"attachment-thumbnail size-thumbnail\" alt=\"\" loading=\"lazy\" style=\"width:100%;height:75%;max-width:2000px;\" \/><\/a>\n\t\t\t<\/div><\/figure><figure class='gallery-item'>\n\t\t\t<div class='gallery-icon portrait'>\n\t\t\t\t<a href='http:\/\/villa-blocher.de\/en\/a-lot-to-offer\/olympus-digital-camera-24\/'><img width=\"150\" height=\"150\" src=\"http:\/\/villa-blocher.de\/en\/wp-content\/uploads\/sites\/2\/2014\/09\/27092014-031-150x150.jpg\" class=\"attachment-thumbnail size-thumbnail\" alt=\"\" loading=\"lazy\" style=\"width:100%;height:133.33%;max-width:1500px;\" \/><\/a>\n\t\t\t<\/div><\/figure><figure class='gallery-item'>\n\t\t\t<div class='gallery-icon landscape'>\n\t\t\t\t<a href='http:\/\/villa-blocher.de\/en\/a-lot-to-offer\/olympus-digital-camera-25\/'><img width=\"150\" height=\"150\" src=\"http:\/\/villa-blocher.de\/en\/wp-content\/uploads\/sites\/2\/2014\/09\/27092014-034-150x150.jpg\" class=\"attachment-thumbnail size-thumbnail\" alt=\"\" loading=\"lazy\" style=\"width:100%;height:75%;max-width:2000px;\" \/><\/a>\n\t\t\t<\/div><\/figure><figure class='gallery-item'>\n\t\t\t<div class='gallery-icon portrait'>\n\t\t\t\t<a href='http:\/\/villa-blocher.de\/en\/a-lot-to-offer\/olympus-digital-camera-26\/'><img width=\"150\" height=\"150\" src=\"http:\/\/villa-blocher.de\/en\/wp-content\/uploads\/sites\/2\/2014\/09\/27092014-037-150x150.jpg\" class=\"attachment-thumbnail size-thumbnail\" alt=\"\" loading=\"lazy\" style=\"width:100%;height:133.33%;max-width:1500px;\" \/><\/a>\n\t\t\t<\/div><\/figure><figure class='gallery-item'>\n\t\t\t<div class='gallery-icon landscape'>\n\t\t\t\t<a href='http:\/\/villa-blocher.de\/en\/a-lot-to-offer\/olympus-digital-camera-8\/'><img width=\"150\" height=\"150\" src=\"http:\/\/villa-blocher.de\/en\/wp-content\/uploads\/sites\/2\/2014\/09\/1112012-016-150x150.jpg\" class=\"attachment-thumbnail size-thumbnail\" alt=\"\" loading=\"lazy\" style=\"width:100%;height:75%;max-width:1500px;\" \/><\/a>\n\t\t\t<\/div><\/figure><figure class='gallery-item'>\n\t\t\t<div class='gallery-icon landscape'>\n\t\t\t\t<a href='http:\/\/villa-blocher.de\/en\/a-lot-to-offer\/olympus-digital-camera-11\/'><img width=\"150\" height=\"150\" src=\"http:\/\/villa-blocher.de\/en\/wp-content\/uploads\/sites\/2\/2014\/09\/mond10082014-003-150x150.jpg\" class=\"attachment-thumbnail size-thumbnail\" alt=\"\" loading=\"lazy\" style=\"width:100%;height:75%;max-width:1500px;\" \/><\/a>\n\t\t\t<\/div><\/figure><figure class='gallery-item'>\n\t\t\t<div class='gallery-icon landscape'>\n\t\t\t\t<a href='http:\/\/villa-blocher.de\/en\/a-lot-to-offer\/olympus-digital-camera-12\/'><img width=\"150\" height=\"150\" src=\"http:\/\/villa-blocher.de\/en\/wp-content\/uploads\/sites\/2\/2014\/09\/mond10082014-0111-150x150.jpg\" class=\"attachment-thumbnail size-thumbnail\" alt=\"\" loading=\"lazy\" style=\"width:100%;height:75%;max-width:1500px;\" \/><\/a>\n\t\t\t<\/div><\/figure><figure class='gallery-item'>\n\t\t\t<div class='gallery-icon landscape'>\n\t\t\t\t<a href='http:\/\/villa-blocher.de\/en\/a-lot-to-offer\/olympus-digital-camera-13\/'><img width=\"150\" height=\"150\" src=\"http:\/\/villa-blocher.de\/en\/wp-content\/uploads\/sites\/2\/2014\/09\/moosturm22072012-062-150x150.jpg\" class=\"attachment-thumbnail size-thumbnail\" alt=\"\" loading=\"lazy\" style=\"width:100%;height:75%;max-width:1500px;\" \/><\/a>\n\t\t\t<\/div><\/figure><figure class='gallery-item'>\n\t\t\t<div class='gallery-icon landscape'>\n\t\t\t\t<a href='http:\/\/villa-blocher.de\/en\/a-lot-to-offer\/olympus-digital-camera-14\/'><img width=\"150\" height=\"150\" src=\"http:\/\/villa-blocher.de\/en\/wp-content\/uploads\/sites\/2\/2014\/09\/moosturm22072012-065-150x150.jpg\" class=\"attachment-thumbnail size-thumbnail\" alt=\"\" loading=\"lazy\" style=\"width:100%;height:75%;max-width:1500px;\" \/><\/a>\n\t\t\t<\/div><\/figure><figure class='gallery-item'>\n\t\t\t<div class='gallery-icon landscape'>\n\t\t\t\t<a href='http:\/\/villa-blocher.de\/en\/a-lot-to-offer\/olympus-digital-camera-9\/'><img width=\"150\" height=\"150\" src=\"http:\/\/villa-blocher.de\/en\/wp-content\/uploads\/sites\/2\/2014\/09\/1112012-030-150x150.jpg\" class=\"attachment-thumbnail size-thumbnail\" alt=\"\" loading=\"lazy\" style=\"width:100%;height:75%;max-width:1500px;\" \/><\/a>\n\t\t\t<\/div><\/figure><figure class='gallery-item'>\n\t\t\t<div class='gallery-icon landscape'>\n\t\t\t\t<a href='http:\/\/villa-blocher.de\/en\/a-lot-to-offer\/olympus-digital-camera-15\/'><img width=\"150\" height=\"150\" src=\"http:\/\/villa-blocher.de\/en\/wp-content\/uploads\/sites\/2\/2014\/09\/winterdez2012-005-150x150.jpg\" class=\"attachment-thumbnail size-thumbnail\" alt=\"\" loading=\"lazy\" style=\"width:100%;height:75%;max-width:1500px;\" \/><\/a>\n\t\t\t<\/div><\/figure><figure class='gallery-item'>\n\t\t\t<div class='gallery-icon landscape'>\n\t\t\t\t<a href='http:\/\/villa-blocher.de\/en\/a-lot-to-offer\/olympus-digital-camera-10\/'><img width=\"150\" height=\"150\" src=\"http:\/\/villa-blocher.de\/en\/wp-content\/uploads\/sites\/2\/2014\/09\/26012013-011-150x150.jpg\" class=\"attachment-thumbnail size-thumbnail\" alt=\"\" loading=\"lazy\" style=\"width:100%;height:75%;max-width:1500px;\" \/><\/a>\n\t\t\t<\/div><\/figure><figure class='gallery-item'>\n\t\t\t<div class='gallery-icon landscape'>\n\t\t\t\t<a href='http:\/\/villa-blocher.de\/en\/a-lot-to-offer\/olympus-digital-camera-16\/'><img width=\"150\" height=\"150\" src=\"http:\/\/villa-blocher.de\/en\/wp-content\/uploads\/sites\/2\/2014\/09\/winterdez2012-025-150x150.jpg\" class=\"attachment-thumbnail size-thumbnail\" alt=\"\" loading=\"lazy\" style=\"width:100%;height:75%;max-width:1500px;\" \/><\/a>\n\t\t\t<\/div><\/figure>\n\t\t<\/div>\n\n<p><strong>Sport options and activities in the region:<\/strong><br \/>\nHiking \/ nordic walking \/ cycling \/ mountain-biking \/ swimming \/ tennis \/ skating \/ fishing \/ golf \/ bowling<br \/>\nMuseums \/ cultural events \/\u00a0sights and attractions\u00a0\/ shopping<\/p>\n<p><strong>More information about the region:<\/strong><\/p>\n<ul>\n<li><a href=\"http:\/\/www.stadt-gengenbach.de\/en\/tourism\/\" target=\"_blank\" rel=\"noopener\">Gengenbach<\/a><\/li>\n<li><a href=\"http:\/\/www.tourisme-alsace.com\/en\/strasbourg-tourism\/\" target=\"_blank\" rel=\"noopener\">Stra\u00dfburg<\/a><\/li>\n<li><a href=\"http:\/\/www.tourisme-alsace.com\/en\" target=\"_blank\" rel=\"noopener\">Alsace<\/a><\/li>\n<li><a href=\"http:\/\/www.baden-baden.de\/en\/tourist-information\/\" target=\"_blank\" rel=\"noopener\">Baden-Baden<\/a><\/li>\n<li><a href=\"http:\/\/www.freiburg.de\/pb\/,Len\/225797.html\" target=\"_blank\" rel=\"noopener\">Freiburg<\/a><\/li>\n<li><a href=\"http:\/\/www.blackforest-tourism.com\/\" target=\"_blank\" rel=\"noopener\">Schwarzwald<\/a><\/li>\n<li><a href=\"http:\/\/www.europapark.de\/en\" target=\"_blank\" rel=\"noopener\">Europa-Park<\/a><\/li>\n<li><a href=\"http:\/\/en.vogtsbauernhof.de\/\" target=\"_blank\" rel=\"noopener\">Vogtsbauernh\u00f6fe<\/a><\/li>\n<li><a href=\"http:\/\/www.dorotheenhuette.info\/index.html?&amp;L=1\" target=\"_blank\" rel=\"noopener\">Dorotheenh\u00fctte Wolfach<\/a><\/li>\n<\/ul>\n","protected":false},"excerpt":{"rendered":"<p>Sport options and activities in the region: Hiking \/ nordic walking \/ cycling \/ mountain-biking \/ swimming \/ tennis \/ skating \/ fishing \/ golf \/ bowling Museums \/ cultural events \/\u00a0sights and attractions\u00a0\/ shopping More information about the region: Gengenbach Stra\u00dfburg Alsace Baden-Baden Freiburg Schwarzwald Europa-Park Vogtsbauernh\u00f6fe Dorotheenh\u00fctte Wolfach<\/p>\n","protected":false},"author":1,"featured_media":0,"parent":0,"menu_order":0,"comment_status":"closed","ping_status":"closed","template":"","meta":[],"_links":{"self":[{"href":"http:\/\/villa-blocher.de\/en\/wp-json\/wp\/v2\/pages\/63"}],"collection":[{"href":"http:\/\/villa-blocher.de\/en\/wp-json\/wp\/v2\/pages"}],"about":[{"href":"http:\/\/villa-blocher.de\/en\/wp-json\/wp\/v2\/types\/page"}],"author":[{"embeddable":true,"href":"http:\/\/villa-blocher.de\/en\/wp-json\/wp\/v2\/users\/1"}],"replies":[{"embeddable":true,"href":"http:\/\/villa-blocher.de\/en\/wp-json\/wp\/v2\/comments?post=63"}],"version-history":[{"count":6,"href":"http:\/\/villa-blocher.de\/en\/wp-json\/wp\/v2\/pages\/63\/revisions"}],"predecessor-version":[{"id":155,"href":"http:\/\/villa-blocher.de\/en\/wp-json\/wp\/v2\/pages\/63\/revisions\/155"}],"wp:attachment":[{"href":"http:\/\/villa-blocher.de\/en\/wp-json\/wp\/v2\/media?parent=63"}],"curies":[{"name":"wp","href":"https:\/\/api.w.org\/{rel}","templated":true}]}}