{"id":15,"date":"2014-09-11T18:49:42","date_gmt":"2014-09-11T16:49:42","guid":{"rendered":"http:\/\/neu.villa-blocher.de\/es\/?page_id=15"},"modified":"2023-08-06T19:39:28","modified_gmt":"2023-08-06T17:39:28","slug":"caracteristicas-precio","status":"publish","type":"page","link":"http:\/\/villa-blocher.de\/es\/caracteristicas-precio\/","title":{"rendered":"Precio &#038; Caracter\u00edsticas"},"content":{"rendered":"<p><strong>Caracter\u00edsticas del apartamento:<\/strong><\/p>\n<ul>\n<li>aprox. 68 m\u00b2 (habitaciones espaciosamente dise\u00f1adas y elegantes) para 2 personas (y posiblemente un hijo) (\u00e1tico) en una casa con jard\u00edn<\/li>\n<li>Habitaciones para no fumadores<\/li>\n<li>Ubicaci\u00f3n tranquila<\/li>\n<li>Cocina-comedor moderna, lavavajillas, horno, microondas,\u00a0 cafetera autom\u00e1tica y mesa para comer<\/li>\n<li>Chimenea (en el \u00e1rea del comedor \/ sal\u00f3n)<\/li>\n<li>Zona de sal\u00f3n con TV v\u00eda sat\u00e9lite \/ DVD \/ equipo de m\u00fasica \/ libros para lectura<\/li>\n<li>Dormitorio con una gran cama doble &#8211; mucho espacio de almacenamiento<\/li>\n<li>Cuarto de ba\u00f1o con ducha \/ WC \/ toallas \/ secador de pelo<\/li>\n<li>Incluye los siguientes servicios: ropa de cama, toallas, limpieza al salir<\/li>\n<li>Posibilidad de sentarse en el jard\u00edn<\/li>\n<li>Posibilidad de prestar bicicletas<\/li>\n<li>Pr\u00e9stamo de bastones de marcha n\u00f3rdica<\/li>\n<li>WiFi disponible free (demandar)<\/li>\n<li>No se admiten animales<\/li>\n<li>Si solicitado: posibilidad de usar la lavadora \/ secadora (7 \u20ac lavarse y secarse)<\/li>\n<li>Veh\u00edculo recomendado<\/li>\n<li>Estacionamiento para coche disponible<\/li>\n<li>Parque infantil directamente frente a la casa<\/li>\n<\/ul>\n<p><strong>Precios:<\/strong> Precio actual por d\u00eda: 73 \u20ac por unidad \/ noche (Ocupaci\u00f3n est\u00e1ndar:. 2 personas) m\u00e1s la p\u00f3liza de turismo por d\u00eda por persona<\/p>\n<p><strong>El impuesto local para visitantes Incluye:<\/strong> ropa de cama, servicio de toallas, limpieza al salir<\/p>\n<p><strong>Sobretasa para estancias de menos de 5 d\u00edas:<\/strong> 30 \u20ac<\/p>\n<p><strong>Recargo por medidas adicionales de higiene corona (por ejemplo, desinfecci\u00f3n):<\/strong> 30 \u20ac<\/p>\n<p><strong>D\u00eda de llegada:<\/strong> cualquiera D\u00eda de salida: cualquiera Check-in: 13 hora Check-out: 10 hora<\/p>\n<p><strong>Hablamos con fluidez:<\/strong> alem\u00e1n \/ franc\u00e9s \/ ingl\u00e9s y tenemos conocimientos b\u00e1sicos de espa\u00f1ol<\/p>\n","protected":false},"excerpt":{"rendered":"<p>Caracter\u00edsticas del apartamento: aprox. 68 m\u00b2 (habitaciones espaciosamente dise\u00f1adas y elegantes) para 2 personas (y posiblemente un hijo) (\u00e1tico) en una casa con jard\u00edn Habitaciones para no fumadores Ubicaci\u00f3n tranquila Cocina-comedor moderna, lavavajillas, horno, microondas,\u00a0 cafetera autom\u00e1tica y mesa para comer Chimenea (en el \u00e1rea del comedor \/ sal\u00f3n) Zona de sal\u00f3n con TV v\u00eda&hellip; <a class=\"more-link\" href=\"http:\/\/villa-blocher.de\/es\/caracteristicas-precio\/\">Seguir leyendo <span class=\"screen-reader-text\">Precio &#038; Caracter\u00edsticas<\/span><\/a><\/p>\n","protected":false},"author":1,"featured_media":0,"parent":0,"menu_order":0,"comment_status":"closed","ping_status":"closed","template":"","meta":[],"_links":{"self":[{"href":"http:\/\/villa-blocher.de\/es\/wp-json\/wp\/v2\/pages\/15"}],"collection":[{"href":"http:\/\/villa-blocher.de\/es\/wp-json\/wp\/v2\/pages"}],"about":[{"href":"http:\/\/villa-blocher.de\/es\/wp-json\/wp\/v2\/types\/page"}],"author":[{"embeddable":true,"href":"http:\/\/villa-blocher.de\/es\/wp-json\/wp\/v2\/users\/1"}],"replies":[{"embeddable":true,"href":"http:\/\/villa-blocher.de\/es\/wp-json\/wp\/v2\/comments?post=15"}],"version-history":[{"count":8,"href":"http:\/\/villa-blocher.de\/es\/wp-json\/wp\/v2\/pages\/15\/revisions"}],"predecessor-version":[{"id":130,"href":"http:\/\/villa-blocher.de\/es\/wp-json\/wp\/v2\/pages\/15\/revisions\/130"}],"wp:attachment":[{"href":"http:\/\/villa-blocher.de\/es\/wp-json\/wp\/v2\/media?parent=15"}],"curies":[{"name":"wp","href":"https:\/\/api.w.org\/{rel}","templated":true}]}}