{"id":17,"date":"2014-09-11T18:53:10","date_gmt":"2014-09-11T16:53:10","guid":{"rendered":"http:\/\/neu.villa-blocher.de\/es\/?page_id=17"},"modified":"2022-10-23T18:35:31","modified_gmt":"2022-10-23T16:35:31","slug":"apartamento","status":"publish","type":"page","link":"http:\/\/villa-blocher.de\/es\/apartamento\/","title":{"rendered":"Apartamento"},"content":{"rendered":"<p>Vivir\u00e1 en nuestro apartamento a sido recientemente modernizado, elegante y luminoso (\u00e1tico) del estilo chal\u00e9 y es adaptado para 2 personas (3\u00aa persona: ni\u00f1o). Les ofrecemos tranquilidad y relajaci\u00f3n de un cotidiano agitado.<\/p>\n<div id='gallery-1' class='gallery galleryid-17 gallery-columns-3 gallery-size-thumbnail'><figure class='gallery-item'>\n\t\t\t<div class='gallery-icon portrait'>\n\t\t\t\t<a href='http:\/\/villa-blocher.de\/es\/apartamento\/olympus-digital-camera-3\/'><img width=\"150\" height=\"150\" src=\"http:\/\/villa-blocher.de\/es\/wp-content\/uploads\/sites\/3\/2014\/09\/haus-028-150x150.jpg\" class=\"attachment-thumbnail size-thumbnail\" alt=\"\" loading=\"lazy\" style=\"width:100%;height:133.33%;max-width:1500px;\" \/><\/a>\n\t\t\t<\/div><\/figure><figure class='gallery-item'>\n\t\t\t<div class='gallery-icon landscape'>\n\t\t\t\t<a href='http:\/\/villa-blocher.de\/es\/apartamento\/img_3328\/'><img width=\"150\" height=\"150\" src=\"http:\/\/villa-blocher.de\/es\/wp-content\/uploads\/sites\/3\/2014\/09\/IMG_3328-150x150.jpg\" class=\"attachment-thumbnail size-thumbnail\" alt=\"\" loading=\"lazy\" style=\"width:100%;height:66.65%;max-width:2000px;\" \/><\/a>\n\t\t\t<\/div><\/figure><figure class='gallery-item'>\n\t\t\t<div class='gallery-icon landscape'>\n\t\t\t\t<a href='http:\/\/villa-blocher.de\/es\/apartamento\/img_3325\/'><img width=\"150\" height=\"150\" src=\"http:\/\/villa-blocher.de\/es\/wp-content\/uploads\/sites\/3\/2014\/09\/IMG_3325-150x150.jpg\" class=\"attachment-thumbnail size-thumbnail\" alt=\"\" loading=\"lazy\" style=\"width:100%;height:66.65%;max-width:2000px;\" \/><\/a>\n\t\t\t<\/div><\/figure><figure class='gallery-item'>\n\t\t\t<div class='gallery-icon landscape'>\n\t\t\t\t<a href='http:\/\/villa-blocher.de\/es\/apartamento\/img_3329\/'><img width=\"150\" height=\"150\" src=\"http:\/\/villa-blocher.de\/es\/wp-content\/uploads\/sites\/3\/2014\/09\/IMG_3329-150x150.jpg\" class=\"attachment-thumbnail size-thumbnail\" alt=\"\" loading=\"lazy\" style=\"width:100%;height:66.65%;max-width:2000px;\" \/><\/a>\n\t\t\t<\/div><\/figure><figure class='gallery-item'>\n\t\t\t<div class='gallery-icon landscape'>\n\t\t\t\t<a href='http:\/\/villa-blocher.de\/es\/apartamento\/img_3317\/'><img width=\"150\" height=\"150\" src=\"http:\/\/villa-blocher.de\/es\/wp-content\/uploads\/sites\/3\/2014\/09\/IMG_3317-150x150.jpg\" class=\"attachment-thumbnail size-thumbnail\" alt=\"\" loading=\"lazy\" style=\"width:100%;height:66.65%;max-width:2000px;\" \/><\/a>\n\t\t\t<\/div><\/figure><figure class='gallery-item'>\n\t\t\t<div class='gallery-icon landscape'>\n\t\t\t\t<a href='http:\/\/villa-blocher.de\/es\/apartamento\/olympus-digital-camera-2\/'><img width=\"150\" height=\"150\" src=\"http:\/\/villa-blocher.de\/es\/wp-content\/uploads\/sites\/3\/2014\/09\/22082012nachmittags-003-150x150.jpg\" class=\"attachment-thumbnail size-thumbnail\" alt=\"\" loading=\"lazy\" style=\"width:100%;height:75%;max-width:2000px;\" \/><\/a>\n\t\t\t<\/div><\/figure><figure class='gallery-item'>\n\t\t\t<div class='gallery-icon landscape'>\n\t\t\t\t<a href='http:\/\/villa-blocher.de\/es\/apartamento\/olympus-digital-camera-4\/'><img width=\"150\" height=\"150\" src=\"http:\/\/villa-blocher.de\/es\/wp-content\/uploads\/sites\/3\/2014\/09\/haus-031-150x150.jpg\" class=\"attachment-thumbnail size-thumbnail\" alt=\"\" loading=\"lazy\" style=\"width:100%;height:75%;max-width:2000px;\" \/><\/a>\n\t\t\t<\/div><\/figure><figure class='gallery-item'>\n\t\t\t<div class='gallery-icon landscape'>\n\t\t\t\t<a href='http:\/\/villa-blocher.de\/es\/apartamento\/img_3333\/'><img width=\"150\" height=\"150\" src=\"http:\/\/villa-blocher.de\/es\/wp-content\/uploads\/sites\/3\/2014\/09\/IMG_3333-150x150.jpg\" class=\"attachment-thumbnail size-thumbnail\" alt=\"\" loading=\"lazy\" style=\"width:100%;height:66.65%;max-width:2000px;\" \/><\/a>\n\t\t\t<\/div><\/figure><figure class='gallery-item'>\n\t\t\t<div class='gallery-icon portrait'>\n\t\t\t\t<a href='http:\/\/villa-blocher.de\/es\/apartamento\/olympus-digital-camera-5\/'><img width=\"150\" height=\"150\" src=\"http:\/\/villa-blocher.de\/es\/wp-content\/uploads\/sites\/3\/2014\/09\/haus-035-150x150.jpg\" class=\"attachment-thumbnail size-thumbnail\" alt=\"\" loading=\"lazy\" style=\"width:100%;height:133.33%;max-width:1500px;\" \/><\/a>\n\t\t\t<\/div><\/figure><figure class='gallery-item'>\n\t\t\t<div class='gallery-icon portrait'>\n\t\t\t\t<a href='http:\/\/villa-blocher.de\/es\/apartamento\/img_3332\/'><img width=\"150\" height=\"150\" src=\"http:\/\/villa-blocher.de\/es\/wp-content\/uploads\/sites\/3\/2014\/09\/IMG_3332-150x150.jpg\" class=\"attachment-thumbnail size-thumbnail\" alt=\"\" loading=\"lazy\" style=\"width:100%;height:150.04%;max-width:1333px;\" \/><\/a>\n\t\t\t<\/div><\/figure><figure class='gallery-item'>\n\t\t\t<div class='gallery-icon landscape'>\n\t\t\t\t<a href='http:\/\/villa-blocher.de\/es\/apartamento\/olympus-digital-camera-7\/'><img width=\"150\" height=\"150\" src=\"http:\/\/villa-blocher.de\/es\/wp-content\/uploads\/sites\/3\/2014\/09\/Haus-August2013-003-150x150.jpg\" class=\"attachment-thumbnail size-thumbnail\" alt=\"\" loading=\"lazy\" style=\"width:100%;height:75%;max-width:1500px;\" \/><\/a>\n\t\t\t<\/div><\/figure><figure class='gallery-item'>\n\t\t\t<div class='gallery-icon portrait'>\n\t\t\t\t<a href='http:\/\/villa-blocher.de\/es\/apartamento\/olympus-digital-camera-6\/'><img width=\"150\" height=\"150\" src=\"http:\/\/villa-blocher.de\/es\/wp-content\/uploads\/sites\/3\/2014\/09\/1582012-016-150x150.jpg\" class=\"attachment-thumbnail size-thumbnail\" alt=\"\" loading=\"lazy\" style=\"width:100%;height:133.33%;max-width:1125px;\" \/><\/a>\n\t\t\t<\/div><\/figure>\n\t\t<\/div>\n\n<p><strong>Cocina<\/strong><\/p>\n<p>Una cocina\u2013comedor bonita, equipada y t\u00e9cnicamente al d\u00eda con lavavajillas, ideal para cocinar. El comedor con chimenea promete veladas largas y placenteras.<\/p>\n<p><strong>Zona del sal\u00f3n<\/strong><\/p>\n<p>La zona del sal\u00f3n es muy c\u00f3moda, un refugio ideal para relajarse, descansar y dejar volar el alma. Gracias a la televisi\u00f3n (TV por sat\u00e9lite \/ lector de DVD), el equipo de m\u00fasica y numerosos libros para la lectura, su entretenimiento e informaci\u00f3n estar\u00e1n muy bien asegurados.<\/p>\n<p><strong>Cuarto de ba\u00f1o<\/strong><\/p>\n<p>En el apartamento hay un cuarto de ba\u00f1o con ducha y WC. El servicio de toallas y un secador de pelo est\u00e1n incluidos.<\/p>\n<p><strong>Dormitorio<\/strong><\/p>\n<p>El dormitorio est\u00e1 amueblado con una cama doble y de su respectiva ropa limpia. Este mismo ofrece tambi\u00e9n mucho espacio de almacenamiento y un confort garantizado para dormir, gracias a su entorno tranquilo.<\/p>\n<p><strong>Jard\u00edn<\/strong><\/p>\n<p>Les invitamos a disfrutar de la posibilidad de instalarse en el jard\u00edn que hemos dise\u00f1ado especialmente para vuestro relajamiento total.<\/p>\n<p><strong>Parque infantil<\/strong><\/p>\n<p>Tambi\u00e9n hay muchas posibilidades para los m\u00e1s peque\u00f1os: un parque infantil atractivo e interesante que se encuentra directamente frente a la casa y procura mucha diversi\u00f3n para los ni\u00f1os.<\/p>\n","protected":false},"excerpt":{"rendered":"<p>Vivir\u00e1 en nuestro apartamento a sido recientemente modernizado, elegante y luminoso (\u00e1tico) del estilo chal\u00e9 y es adaptado para 2 personas (3\u00aa persona: ni\u00f1o). Les ofrecemos tranquilidad y relajaci\u00f3n de un cotidiano agitado. Cocina Una cocina\u2013comedor bonita, equipada y t\u00e9cnicamente al d\u00eda con lavavajillas, ideal para cocinar. El comedor con chimenea promete veladas largas y&hellip; <a class=\"more-link\" href=\"http:\/\/villa-blocher.de\/es\/apartamento\/\">Seguir leyendo <span class=\"screen-reader-text\">Apartamento<\/span><\/a><\/p>\n","protected":false},"author":1,"featured_media":0,"parent":0,"menu_order":0,"comment_status":"closed","ping_status":"closed","template":"","meta":[],"_links":{"self":[{"href":"http:\/\/villa-blocher.de\/es\/wp-json\/wp\/v2\/pages\/17"}],"collection":[{"href":"http:\/\/villa-blocher.de\/es\/wp-json\/wp\/v2\/pages"}],"about":[{"href":"http:\/\/villa-blocher.de\/es\/wp-json\/wp\/v2\/types\/page"}],"author":[{"embeddable":true,"href":"http:\/\/villa-blocher.de\/es\/wp-json\/wp\/v2\/users\/1"}],"replies":[{"embeddable":true,"href":"http:\/\/villa-blocher.de\/es\/wp-json\/wp\/v2\/comments?post=17"}],"version-history":[{"count":5,"href":"http:\/\/villa-blocher.de\/es\/wp-json\/wp\/v2\/pages\/17\/revisions"}],"predecessor-version":[{"id":80,"href":"http:\/\/villa-blocher.de\/es\/wp-json\/wp\/v2\/pages\/17\/revisions\/80"}],"wp:attachment":[{"href":"http:\/\/villa-blocher.de\/es\/wp-json\/wp\/v2\/media?parent=17"}],"curies":[{"name":"wp","href":"https:\/\/api.w.org\/{rel}","templated":true}]}}