{"id":4,"date":"2014-08-24T09:26:34","date_gmt":"2014-08-24T07:26:34","guid":{"rendered":"http:\/\/neu.villa-blocher.de\/es\/?page_id=4"},"modified":"2022-10-23T16:46:05","modified_gmt":"2022-10-23T14:46:05","slug":"lo-que-les-espera","status":"publish","type":"page","link":"http:\/\/villa-blocher.de\/es\/","title":{"rendered":"Lo que les espera"},"content":{"rendered":"<h2>Bienvenido en la Selva Negra!<\/h2>\n<p>La casa de vacaciones se encuentra en una casa que ha sido construida teniendo en cuenta los principios biol\u00f3gicos y que tiene un jard\u00edn natural. La casa queda en una zona tranquila en el barrio Reichenbach <a href=\"http:\/\/www.stadt-gengenbach.de\/en\/tourism\/\" target=\"_blank\" rel=\"noopener\">(2 km desde Gengenbach)<\/a> en el hermoso valle de Reichenbach (\u201cReichenbachtal\u201d), al pie de <a href=\"http:\/\/www.blackforest-tourism.com\/\" target=\"_blank\" rel=\"noopener\">la Selva Negra<\/a> (Norte de la Selva Negra) (Sur de la Selva Negra), ubicado entre vi\u00f1as, prados y bosques que aprovechan del clima agradable de la regi\u00f3n &#8211; ustedes llegar\u00e1n simplemente al Nizza de Baden. Es el punto de partida para muchas excursiones (Punto trifinio Francia \/ Suiza \/ Alemania), caminatas y salidas en bicicleta&#8230;<\/p>\n","protected":false},"excerpt":{"rendered":"<p>Bienvenido en la Selva Negra! La casa de vacaciones se encuentra en una casa que ha sido construida teniendo en cuenta los principios biol\u00f3gicos y que tiene un jard\u00edn natural. La casa queda en una zona tranquila en el barrio Reichenbach (2 km desde Gengenbach) en el hermoso valle de Reichenbach (\u201cReichenbachtal\u201d), al pie de&hellip; <a class=\"more-link\" href=\"http:\/\/villa-blocher.de\/es\/\">Seguir leyendo <span class=\"screen-reader-text\">Lo que les espera<\/span><\/a><\/p>\n","protected":false},"author":1,"featured_media":43,"parent":0,"menu_order":0,"comment_status":"closed","ping_status":"closed","template":"","meta":[],"_links":{"self":[{"href":"http:\/\/villa-blocher.de\/es\/wp-json\/wp\/v2\/pages\/4"}],"collection":[{"href":"http:\/\/villa-blocher.de\/es\/wp-json\/wp\/v2\/pages"}],"about":[{"href":"http:\/\/villa-blocher.de\/es\/wp-json\/wp\/v2\/types\/page"}],"author":[{"embeddable":true,"href":"http:\/\/villa-blocher.de\/es\/wp-json\/wp\/v2\/users\/1"}],"replies":[{"embeddable":true,"href":"http:\/\/villa-blocher.de\/es\/wp-json\/wp\/v2\/comments?post=4"}],"version-history":[{"count":8,"href":"http:\/\/villa-blocher.de\/es\/wp-json\/wp\/v2\/pages\/4\/revisions"}],"predecessor-version":[{"id":125,"href":"http:\/\/villa-blocher.de\/es\/wp-json\/wp\/v2\/pages\/4\/revisions\/125"}],"wp:featuredmedia":[{"embeddable":true,"href":"http:\/\/villa-blocher.de\/es\/wp-json\/wp\/v2\/media\/43"}],"wp:attachment":[{"href":"http:\/\/villa-blocher.de\/es\/wp-json\/wp\/v2\/media?parent=4"}],"curies":[{"name":"wp","href":"https:\/\/api.w.org\/{rel}","templated":true}]}}