{"id":51,"date":"2014-09-11T19:15:31","date_gmt":"2014-09-11T17:15:31","guid":{"rendered":"http:\/\/neu.villa-blocher.de\/es\/?page_id=51"},"modified":"2022-10-23T18:35:47","modified_gmt":"2022-10-23T16:35:47","slug":"contacto_llegada","status":"publish","type":"page","link":"http:\/\/villa-blocher.de\/es\/contacto_llegada\/","title":{"rendered":"Contacto"},"content":{"rendered":"<p><strong>Correo electr\u00f3nico:<\/strong> <a href=\"mailto:info@villa-blocher.de\">info@villa-blocher.de<\/a><\/p>\n<p><strong>Tel\u00e9fono:<\/strong> + 49 (0) 7803 92 15 442 (usa el\u00a0contestador autom\u00e1tico, por favor)<\/p>\n<p><strong>M\u00f3vil:<\/strong> + 49 (0) 176 81 93 57 51<\/p>\n<p><strong>Direcci\u00f3n:<\/strong><br \/>\nFamilia Blocher-Haas<br \/>\nSchulstra\u00dfe 14<br \/>\nD-77723 Gengenbach<\/p>\n<h2>Llegada<\/h2>\n<p><iframe loading=\"lazy\" src=\"https:\/\/www.google.com\/maps\/embed?pb=!1m14!1m8!1m3!1d5295.042120313897!2d8.020965875745539!3d48.42733849799367!3m2!1i1024!2i768!4f13.1!3m3!1m2!1s0x47912ad88e90aa7b%3A0x2d5f48af708e3619!2sSchulstra%C3%9Fe+14%2C+77723+Gengenbach!5e0!3m2!1sde!2sde!4v1409769647877\" width=\"600\" height=\"450\" frameborder=\"0\"><\/iframe><\/p>\n<p><strong>Sus possibilidades para llegar:<br \/>\n<\/strong><br \/>\n<strong>En coche:<\/strong><br \/>\nAutopistas y carreteras federales:<\/p>\n<ul>\n<li>A5 Karlsruhe-Basilea:<br \/>\nSalida de Offenburg, despu\u00e9s B33 hacia Villingen-Schwenningen<\/li>\n<li>A81: Stuttgart-Singen<br \/>\nSalida de Villingen-Schwenningen, B33 hacia Offenburg<\/li>\n<\/ul>\n<p>Ustedes se encuentran en la B33 hacia Villingen-Schwenningen (si vienen de la A5) o hacia Offenburg (si vienen de la A81), tomar la salida sur de Gengenbach \u201cGengenbach S\u00fcd\u201d, hacia Gengenbach, tomar la segunda salida hacia Ohlsbach en la rotonda, despu\u00e9s de 1 km y despu\u00e9s del sem\u00e1foro peatonal girar a la derecha, hasta el centro de Reichenbach (ayuntamiento) pasar por el puente a la derecha (el banco \u201cSparkasse\u201d se encuentra a su izquierda) y despu\u00e9s de aproximadamente 50 m, tomar la primera calle a la derecha. La casa es la tercera casa a la derecha (Schulstr. 14) y se encuentra justamente frente al jardin infantil. Distancia: aproximadamente 12 km<\/p>\n<p><strong>En transporte p\u00fablico: tren o autob\u00fas:<\/strong><br \/>\nLlegada con el tren ICE a Offenburg, luego tren regional a Gegenbach Bahn.de hasta la estaci\u00f3n de tren \u201cGengenbach\u201d o tomar el autob\u00fas hasta Reichenbach. Es recomendable de tomar un taxi desde la estacion de tren o del centro de Gegenbach para llegar a Reichenbach.<\/p>\n<ul>\n<li>La estaci\u00f3n de tren Gengenbach se encuentra a 2 km de Reichenbach<\/li>\n<li>Parada del autob\u00fas p\u00fablico: a 100 m de distancia<\/li>\n<li>Aeropuerto m\u00e1s cercano: a 42 kmde distancia<\/li>\n<\/ul>\n<p>Tel\u00e9fono de Taxi Ruf: +49 (0) 7803 2690<\/p>\n","protected":false},"excerpt":{"rendered":"<p>Correo electr\u00f3nico: info@villa-blocher.de Tel\u00e9fono: + 49 (0) 7803 92 15 442 (usa el\u00a0contestador autom\u00e1tico, por favor) M\u00f3vil: + 49 (0) 176 81 93 57 51 Direcci\u00f3n: Familia Blocher-Haas Schulstra\u00dfe 14 D-77723 Gengenbach Llegada Sus possibilidades para llegar: En coche: Autopistas y carreteras federales: A5 Karlsruhe-Basilea: Salida de Offenburg, despu\u00e9s B33 hacia Villingen-Schwenningen A81: Stuttgart-Singen Salida&hellip; <a class=\"more-link\" href=\"http:\/\/villa-blocher.de\/es\/contacto_llegada\/\">Seguir leyendo <span class=\"screen-reader-text\">Contacto<\/span><\/a><\/p>\n","protected":false},"author":1,"featured_media":0,"parent":0,"menu_order":0,"comment_status":"closed","ping_status":"closed","template":"","meta":[],"_links":{"self":[{"href":"http:\/\/villa-blocher.de\/es\/wp-json\/wp\/v2\/pages\/51"}],"collection":[{"href":"http:\/\/villa-blocher.de\/es\/wp-json\/wp\/v2\/pages"}],"about":[{"href":"http:\/\/villa-blocher.de\/es\/wp-json\/wp\/v2\/types\/page"}],"author":[{"embeddable":true,"href":"http:\/\/villa-blocher.de\/es\/wp-json\/wp\/v2\/users\/1"}],"replies":[{"embeddable":true,"href":"http:\/\/villa-blocher.de\/es\/wp-json\/wp\/v2\/comments?post=51"}],"version-history":[{"count":6,"href":"http:\/\/villa-blocher.de\/es\/wp-json\/wp\/v2\/pages\/51\/revisions"}],"predecessor-version":[{"id":107,"href":"http:\/\/villa-blocher.de\/es\/wp-json\/wp\/v2\/pages\/51\/revisions\/107"}],"wp:attachment":[{"href":"http:\/\/villa-blocher.de\/es\/wp-json\/wp\/v2\/media?parent=51"}],"curies":[{"name":"wp","href":"https:\/\/api.w.org\/{rel}","templated":true}]}}