{"id":60,"date":"2014-09-11T19:22:15","date_gmt":"2014-09-11T17:22:15","guid":{"rendered":"http:\/\/neu.villa-blocher.de\/es\/?page_id=60"},"modified":"2022-10-23T18:38:14","modified_gmt":"2022-10-23T16:38:14","slug":"region","status":"publish","type":"page","link":"http:\/\/villa-blocher.de\/es\/region\/","title":{"rendered":"Regi\u00f3n"},"content":{"rendered":"<div id='gallery-1' class='gallery galleryid-60 gallery-columns-3 gallery-size-thumbnail'><figure class='gallery-item'>\n\t\t\t<div class='gallery-icon portrait'>\n\t\t\t\t<a href='http:\/\/villa-blocher.de\/es\/region\/olympus-digital-camera-18\/'><img width=\"150\" height=\"150\" src=\"http:\/\/villa-blocher.de\/es\/wp-content\/uploads\/sites\/3\/2014\/09\/27092014-038-150x150.jpg\" class=\"attachment-thumbnail size-thumbnail\" alt=\"\" loading=\"lazy\" style=\"width:100%;height:133.33%;max-width:1500px;\" \/><\/a>\n\t\t\t<\/div><\/figure><figure class='gallery-item'>\n\t\t\t<div class='gallery-icon landscape'>\n\t\t\t\t<a href='http:\/\/villa-blocher.de\/es\/region\/olympus-digital-camera-19\/'><img width=\"150\" height=\"150\" src=\"http:\/\/villa-blocher.de\/es\/wp-content\/uploads\/sites\/3\/2014\/09\/27092014-003-150x150.jpg\" class=\"attachment-thumbnail size-thumbnail\" alt=\"\" loading=\"lazy\" style=\"width:100%;height:75%;max-width:2000px;\" \/><\/a>\n\t\t\t<\/div><\/figure><figure class='gallery-item'>\n\t\t\t<div class='gallery-icon landscape'>\n\t\t\t\t<a href='http:\/\/villa-blocher.de\/es\/region\/olympus-digital-camera-20\/'><img width=\"150\" height=\"150\" src=\"http:\/\/villa-blocher.de\/es\/wp-content\/uploads\/sites\/3\/2014\/09\/27092014-010-150x150.jpg\" class=\"attachment-thumbnail size-thumbnail\" alt=\"\" loading=\"lazy\" style=\"width:100%;height:75%;max-width:2000px;\" \/><\/a>\n\t\t\t<\/div><\/figure><figure class='gallery-item'>\n\t\t\t<div class='gallery-icon landscape'>\n\t\t\t\t<a href='http:\/\/villa-blocher.de\/es\/region\/olympus-digital-camera-21\/'><img width=\"150\" height=\"150\" src=\"http:\/\/villa-blocher.de\/es\/wp-content\/uploads\/sites\/3\/2014\/09\/27092014-016-150x150.jpg\" class=\"attachment-thumbnail size-thumbnail\" alt=\"\" loading=\"lazy\" style=\"width:100%;height:75%;max-width:2000px;\" \/><\/a>\n\t\t\t<\/div><\/figure><figure class='gallery-item'>\n\t\t\t<div class='gallery-icon landscape'>\n\t\t\t\t<a href='http:\/\/villa-blocher.de\/es\/region\/olympus-digital-camera-22\/'><img width=\"150\" height=\"150\" src=\"http:\/\/villa-blocher.de\/es\/wp-content\/uploads\/sites\/3\/2014\/09\/27092014-022-150x150.jpg\" class=\"attachment-thumbnail size-thumbnail\" alt=\"\" loading=\"lazy\" style=\"width:100%;height:75%;max-width:2000px;\" \/><\/a>\n\t\t\t<\/div><\/figure><figure class='gallery-item'>\n\t\t\t<div class='gallery-icon landscape'>\n\t\t\t\t<a href='http:\/\/villa-blocher.de\/es\/region\/olympus-digital-camera-23\/'><img width=\"150\" height=\"150\" src=\"http:\/\/villa-blocher.de\/es\/wp-content\/uploads\/sites\/3\/2014\/09\/27092014-028-150x150.jpg\" class=\"attachment-thumbnail size-thumbnail\" alt=\"\" loading=\"lazy\" style=\"width:100%;height:75%;max-width:2000px;\" \/><\/a>\n\t\t\t<\/div><\/figure><figure class='gallery-item'>\n\t\t\t<div class='gallery-icon portrait'>\n\t\t\t\t<a href='http:\/\/villa-blocher.de\/es\/region\/olympus-digital-camera-24\/'><img width=\"150\" height=\"150\" src=\"http:\/\/villa-blocher.de\/es\/wp-content\/uploads\/sites\/3\/2014\/09\/27092014-031-150x150.jpg\" class=\"attachment-thumbnail size-thumbnail\" alt=\"\" loading=\"lazy\" style=\"width:100%;height:133.33%;max-width:1500px;\" \/><\/a>\n\t\t\t<\/div><\/figure><figure class='gallery-item'>\n\t\t\t<div class='gallery-icon landscape'>\n\t\t\t\t<a href='http:\/\/villa-blocher.de\/es\/region\/olympus-digital-camera-25\/'><img width=\"150\" height=\"150\" src=\"http:\/\/villa-blocher.de\/es\/wp-content\/uploads\/sites\/3\/2014\/09\/27092014-034-150x150.jpg\" class=\"attachment-thumbnail size-thumbnail\" alt=\"\" loading=\"lazy\" style=\"width:100%;height:75%;max-width:2000px;\" \/><\/a>\n\t\t\t<\/div><\/figure><figure class='gallery-item'>\n\t\t\t<div class='gallery-icon portrait'>\n\t\t\t\t<a href='http:\/\/villa-blocher.de\/es\/region\/olympus-digital-camera-26\/'><img width=\"150\" height=\"150\" src=\"http:\/\/villa-blocher.de\/es\/wp-content\/uploads\/sites\/3\/2014\/09\/27092014-037-150x150.jpg\" class=\"attachment-thumbnail size-thumbnail\" alt=\"\" loading=\"lazy\" style=\"width:100%;height:133.33%;max-width:1500px;\" \/><\/a>\n\t\t\t<\/div><\/figure><figure class='gallery-item'>\n\t\t\t<div class='gallery-icon landscape'>\n\t\t\t\t<a href='http:\/\/villa-blocher.de\/es\/region\/olympus-digital-camera-8\/'><img width=\"150\" height=\"150\" src=\"http:\/\/villa-blocher.de\/es\/wp-content\/uploads\/sites\/3\/2014\/09\/1112012-016-150x150.jpg\" class=\"attachment-thumbnail size-thumbnail\" alt=\"\" loading=\"lazy\" style=\"width:100%;height:75%;max-width:1500px;\" \/><\/a>\n\t\t\t<\/div><\/figure><figure class='gallery-item'>\n\t\t\t<div class='gallery-icon landscape'>\n\t\t\t\t<a href='http:\/\/villa-blocher.de\/es\/region\/olympus-digital-camera-11\/'><img width=\"150\" height=\"150\" src=\"http:\/\/villa-blocher.de\/es\/wp-content\/uploads\/sites\/3\/2014\/09\/mond10082014-003-150x150.jpg\" class=\"attachment-thumbnail size-thumbnail\" alt=\"\" loading=\"lazy\" style=\"width:100%;height:75%;max-width:1500px;\" \/><\/a>\n\t\t\t<\/div><\/figure><figure class='gallery-item'>\n\t\t\t<div class='gallery-icon landscape'>\n\t\t\t\t<a href='http:\/\/villa-blocher.de\/es\/region\/olympus-digital-camera-12\/'><img width=\"150\" height=\"150\" src=\"http:\/\/villa-blocher.de\/es\/wp-content\/uploads\/sites\/3\/2014\/09\/mond10082014-0111-150x150.jpg\" class=\"attachment-thumbnail size-thumbnail\" alt=\"\" loading=\"lazy\" style=\"width:100%;height:75%;max-width:1500px;\" \/><\/a>\n\t\t\t<\/div><\/figure><figure class='gallery-item'>\n\t\t\t<div class='gallery-icon landscape'>\n\t\t\t\t<a href='http:\/\/villa-blocher.de\/es\/region\/olympus-digital-camera-13\/'><img width=\"150\" height=\"150\" src=\"http:\/\/villa-blocher.de\/es\/wp-content\/uploads\/sites\/3\/2014\/09\/moosturm22072012-062-150x150.jpg\" class=\"attachment-thumbnail size-thumbnail\" alt=\"\" loading=\"lazy\" style=\"width:100%;height:75%;max-width:1500px;\" \/><\/a>\n\t\t\t<\/div><\/figure><figure class='gallery-item'>\n\t\t\t<div class='gallery-icon landscape'>\n\t\t\t\t<a href='http:\/\/villa-blocher.de\/es\/region\/olympus-digital-camera-14\/'><img width=\"150\" height=\"150\" src=\"http:\/\/villa-blocher.de\/es\/wp-content\/uploads\/sites\/3\/2014\/09\/moosturm22072012-065-150x150.jpg\" class=\"attachment-thumbnail size-thumbnail\" alt=\"\" loading=\"lazy\" style=\"width:100%;height:75%;max-width:1500px;\" \/><\/a>\n\t\t\t<\/div><\/figure><figure class='gallery-item'>\n\t\t\t<div class='gallery-icon landscape'>\n\t\t\t\t<a href='http:\/\/villa-blocher.de\/es\/region\/olympus-digital-camera-9\/'><img width=\"150\" height=\"150\" src=\"http:\/\/villa-blocher.de\/es\/wp-content\/uploads\/sites\/3\/2014\/09\/1112012-030-150x150.jpg\" class=\"attachment-thumbnail size-thumbnail\" alt=\"\" loading=\"lazy\" style=\"width:100%;height:75%;max-width:1500px;\" \/><\/a>\n\t\t\t<\/div><\/figure><figure class='gallery-item'>\n\t\t\t<div class='gallery-icon landscape'>\n\t\t\t\t<a href='http:\/\/villa-blocher.de\/es\/region\/olympus-digital-camera-10\/'><img width=\"150\" height=\"150\" src=\"http:\/\/villa-blocher.de\/es\/wp-content\/uploads\/sites\/3\/2014\/09\/26012013-011-150x150.jpg\" class=\"attachment-thumbnail size-thumbnail\" alt=\"\" loading=\"lazy\" style=\"width:100%;height:75%;max-width:1500px;\" \/><\/a>\n\t\t\t<\/div><\/figure><figure class='gallery-item'>\n\t\t\t<div class='gallery-icon landscape'>\n\t\t\t\t<a href='http:\/\/villa-blocher.de\/es\/region\/olympus-digital-camera-15\/'><img width=\"150\" height=\"150\" src=\"http:\/\/villa-blocher.de\/es\/wp-content\/uploads\/sites\/3\/2014\/09\/winterdez2012-005-150x150.jpg\" class=\"attachment-thumbnail size-thumbnail\" alt=\"\" loading=\"lazy\" style=\"width:100%;height:75%;max-width:1500px;\" \/><\/a>\n\t\t\t<\/div><\/figure><figure class='gallery-item'>\n\t\t\t<div class='gallery-icon landscape'>\n\t\t\t\t<a href='http:\/\/villa-blocher.de\/es\/region\/olympus-digital-camera-16\/'><img width=\"150\" height=\"150\" src=\"http:\/\/villa-blocher.de\/es\/wp-content\/uploads\/sites\/3\/2014\/09\/winterdez2012-025-150x150.jpg\" class=\"attachment-thumbnail size-thumbnail\" alt=\"\" loading=\"lazy\" style=\"width:100%;height:75%;max-width:1500px;\" \/><\/a>\n\t\t\t<\/div><\/figure>\n\t\t<\/div>\n\n<p><strong>Posibilidades para actividades deportivas cerca:<\/strong><\/p>\n<p>Senderismo, marcha n\u00f3rdica, bicicleta, mountain bike, bicicleta de carretera, nataci\u00f3n, tenis, equitaci\u00f3n, patinaje en l\u00ednea, pesca, golf, juego de bolos<\/p>\n<p><strong>M\u00e1s informaci\u00f3n sobre la regi\u00f3n:<\/strong><\/p>\n<ul>\n<li><a href=\"http:\/\/www.stadt-gengenbach.de\/\" target=\"_blank\" rel=\"noopener\">Gengenbach<\/a><\/li>\n<li><a href=\"http:\/\/www.tourisme-alsace.com\/es\/estrasburgo-capital-europea\/\" target=\"_blank\" rel=\"noopener\">Estrasburgo<\/a><\/li>\n<li><a href=\"http:\/\/www.tourisme-alsace.com\/es\" target=\"_blank\" rel=\"noopener\">Alsacia<\/a><\/li>\n<li><a href=\"http:\/\/www.baden-baden.de\/es\/tourist-information\/\" target=\"_blank\" rel=\"noopener\">Baden-Baden<\/a><\/li>\n<li><a href=\"http:\/\/www.freiburg.de\/pb\/,Lde\/226604.html\" target=\"_blank\" rel=\"noopener\">Freiburg<\/a><\/li>\n<li><a href=\"http:\/\/www.blackforest-tourism.com\/\" target=\"_blank\" rel=\"noopener\">Selva Negra<\/a><\/li>\n<li><a href=\"http:\/\/www.europapark.de\/en\" target=\"_blank\" rel=\"noopener\">Europa-Park<\/a><\/li>\n<li><a href=\"http:\/\/es.vogtsbauernhof.de\/\" target=\"_blank\" rel=\"noopener\">Vogtsbauernh\u00f6fe<\/a><\/li>\n<li><a href=\"http:\/\/www.dorotheenhuette.info\/index.html?&amp;L=4\" target=\"_blank\" rel=\"noopener\">Dorotheenh\u00fctte Wolfach<\/a><\/li>\n<\/ul>\n","protected":false},"excerpt":{"rendered":"<p>Posibilidades para actividades deportivas cerca: Senderismo, marcha n\u00f3rdica, bicicleta, mountain bike, bicicleta de carretera, nataci\u00f3n, tenis, equitaci\u00f3n, patinaje en l\u00ednea, pesca, golf, juego de bolos M\u00e1s informaci\u00f3n sobre la regi\u00f3n: Gengenbach Estrasburgo Alsacia Baden-Baden Freiburg Selva Negra Europa-Park Vogtsbauernh\u00f6fe Dorotheenh\u00fctte Wolfach<\/p>\n","protected":false},"author":1,"featured_media":0,"parent":0,"menu_order":0,"comment_status":"closed","ping_status":"closed","template":"","meta":[],"_links":{"self":[{"href":"http:\/\/villa-blocher.de\/es\/wp-json\/wp\/v2\/pages\/60"}],"collection":[{"href":"http:\/\/villa-blocher.de\/es\/wp-json\/wp\/v2\/pages"}],"about":[{"href":"http:\/\/villa-blocher.de\/es\/wp-json\/wp\/v2\/types\/page"}],"author":[{"embeddable":true,"href":"http:\/\/villa-blocher.de\/es\/wp-json\/wp\/v2\/users\/1"}],"replies":[{"embeddable":true,"href":"http:\/\/villa-blocher.de\/es\/wp-json\/wp\/v2\/comments?post=60"}],"version-history":[{"count":6,"href":"http:\/\/villa-blocher.de\/es\/wp-json\/wp\/v2\/pages\/60\/revisions"}],"predecessor-version":[{"id":128,"href":"http:\/\/villa-blocher.de\/es\/wp-json\/wp\/v2\/pages\/60\/revisions\/128"}],"wp:attachment":[{"href":"http:\/\/villa-blocher.de\/es\/wp-json\/wp\/v2\/media?parent=60"}],"curies":[{"name":"wp","href":"https:\/\/api.w.org\/{rel}","templated":true}]}}