{"id":10,"date":"2014-09-11T19:34:14","date_gmt":"2014-09-11T17:34:14","guid":{"rendered":"http:\/\/neu.villa-blocher.de\/fr\/?page_id=10"},"modified":"2022-10-23T18:32:01","modified_gmt":"2022-10-23T16:32:01","slug":"appartement","status":"publish","type":"page","link":"http:\/\/villa-blocher.de\/fr\/appartement\/","title":{"rendered":"Appartement"},"content":{"rendered":"<p>Vous logerez dans un appartement enti\u00e8rement r\u00e9nov\u00e9 avec go\u00fbt dans un style chalet, moderne et baign\u00e9 de lumi\u00e8re au premier \u00e9tage d\u2019une maison individuelle, con\u00e7u pour 2 personnes + 1 enfant. Nous vous offrons calme et d\u00e9tente loin du stress de la vie quotidienne.<\/p>\n<div id='gallery-1' class='gallery galleryid-10 gallery-columns-3 gallery-size-thumbnail'><figure class='gallery-item'>\n\t\t\t<div class='gallery-icon portrait'>\n\t\t\t\t<a href='http:\/\/villa-blocher.de\/fr\/appartement\/olympus-digital-camera-3\/'><img width=\"150\" height=\"150\" src=\"http:\/\/villa-blocher.de\/fr\/wp-content\/uploads\/sites\/4\/2014\/09\/haus-028-150x150.jpg\" class=\"attachment-thumbnail size-thumbnail\" alt=\"\" loading=\"lazy\" style=\"width:100%;height:133.33%;max-width:1500px;\" \/><\/a>\n\t\t\t<\/div><\/figure><figure class='gallery-item'>\n\t\t\t<div class='gallery-icon landscape'>\n\t\t\t\t<a href='http:\/\/villa-blocher.de\/fr\/appartement\/olympus-digital-camera-4\/'><img width=\"150\" height=\"150\" src=\"http:\/\/villa-blocher.de\/fr\/wp-content\/uploads\/sites\/4\/2014\/09\/haus-031-150x150.jpg\" class=\"attachment-thumbnail size-thumbnail\" alt=\"\" loading=\"lazy\" style=\"width:100%;height:75%;max-width:2000px;\" \/><\/a>\n\t\t\t<\/div><\/figure><figure class='gallery-item'>\n\t\t\t<div class='gallery-icon landscape'>\n\t\t\t\t<a href='http:\/\/villa-blocher.de\/fr\/appartement\/img_3317\/'><img width=\"150\" height=\"150\" src=\"http:\/\/villa-blocher.de\/fr\/wp-content\/uploads\/sites\/4\/2014\/09\/IMG_3317-150x150.jpg\" class=\"attachment-thumbnail size-thumbnail\" alt=\"\" loading=\"lazy\" style=\"width:100%;height:66.65%;max-width:2000px;\" \/><\/a>\n\t\t\t<\/div><\/figure><figure class='gallery-item'>\n\t\t\t<div class='gallery-icon landscape'>\n\t\t\t\t<a href='http:\/\/villa-blocher.de\/fr\/appartement\/img_3325\/'><img width=\"150\" height=\"150\" src=\"http:\/\/villa-blocher.de\/fr\/wp-content\/uploads\/sites\/4\/2014\/09\/IMG_3325-150x150.jpg\" class=\"attachment-thumbnail size-thumbnail\" alt=\"\" loading=\"lazy\" style=\"width:100%;height:66.65%;max-width:2000px;\" \/><\/a>\n\t\t\t<\/div><\/figure><figure class='gallery-item'>\n\t\t\t<div class='gallery-icon landscape'>\n\t\t\t\t<a href='http:\/\/villa-blocher.de\/fr\/appartement\/img_3328\/'><img width=\"150\" height=\"150\" src=\"http:\/\/villa-blocher.de\/fr\/wp-content\/uploads\/sites\/4\/2014\/09\/IMG_3328-150x150.jpg\" class=\"attachment-thumbnail size-thumbnail\" alt=\"\" loading=\"lazy\" style=\"width:100%;height:66.65%;max-width:2000px;\" \/><\/a>\n\t\t\t<\/div><\/figure><figure class='gallery-item'>\n\t\t\t<div class='gallery-icon landscape'>\n\t\t\t\t<a href='http:\/\/villa-blocher.de\/fr\/appartement\/olympus-digital-camera-2\/'><img width=\"150\" height=\"150\" src=\"http:\/\/villa-blocher.de\/fr\/wp-content\/uploads\/sites\/4\/2014\/09\/22082012nachmittags-003-150x150.jpg\" class=\"attachment-thumbnail size-thumbnail\" alt=\"\" loading=\"lazy\" style=\"width:100%;height:75%;max-width:2000px;\" \/><\/a>\n\t\t\t<\/div><\/figure><figure class='gallery-item'>\n\t\t\t<div class='gallery-icon landscape'>\n\t\t\t\t<a href='http:\/\/villa-blocher.de\/fr\/appartement\/img_3329\/'><img width=\"150\" height=\"150\" src=\"http:\/\/villa-blocher.de\/fr\/wp-content\/uploads\/sites\/4\/2014\/09\/IMG_3329-150x150.jpg\" class=\"attachment-thumbnail size-thumbnail\" alt=\"\" loading=\"lazy\" style=\"width:100%;height:66.65%;max-width:2000px;\" \/><\/a>\n\t\t\t<\/div><\/figure><figure class='gallery-item'>\n\t\t\t<div class='gallery-icon landscape'>\n\t\t\t\t<a href='http:\/\/villa-blocher.de\/fr\/appartement\/img_3333\/'><img width=\"150\" height=\"150\" src=\"http:\/\/villa-blocher.de\/fr\/wp-content\/uploads\/sites\/4\/2014\/09\/IMG_3333-150x150.jpg\" class=\"attachment-thumbnail size-thumbnail\" alt=\"\" loading=\"lazy\" style=\"width:100%;height:66.65%;max-width:2000px;\" \/><\/a>\n\t\t\t<\/div><\/figure><figure class='gallery-item'>\n\t\t\t<div class='gallery-icon portrait'>\n\t\t\t\t<a href='http:\/\/villa-blocher.de\/fr\/appartement\/olympus-digital-camera-5\/'><img width=\"150\" height=\"150\" src=\"http:\/\/villa-blocher.de\/fr\/wp-content\/uploads\/sites\/4\/2014\/09\/haus-035-150x150.jpg\" class=\"attachment-thumbnail size-thumbnail\" alt=\"\" loading=\"lazy\" style=\"width:100%;height:133.33%;max-width:1500px;\" \/><\/a>\n\t\t\t<\/div><\/figure><figure class='gallery-item'>\n\t\t\t<div class='gallery-icon portrait'>\n\t\t\t\t<a href='http:\/\/villa-blocher.de\/fr\/appartement\/img_3332\/'><img width=\"150\" height=\"150\" src=\"http:\/\/villa-blocher.de\/fr\/wp-content\/uploads\/sites\/4\/2014\/09\/IMG_3332-150x150.jpg\" class=\"attachment-thumbnail size-thumbnail\" alt=\"\" loading=\"lazy\" style=\"width:100%;height:150.04%;max-width:1333px;\" \/><\/a>\n\t\t\t<\/div><\/figure><figure class='gallery-item'>\n\t\t\t<div class='gallery-icon portrait'>\n\t\t\t\t<a href='http:\/\/villa-blocher.de\/fr\/appartement\/olympus-digital-camera-6\/'><img width=\"150\" height=\"150\" src=\"http:\/\/villa-blocher.de\/fr\/wp-content\/uploads\/sites\/4\/2014\/09\/1582012-016-150x150.jpg\" class=\"attachment-thumbnail size-thumbnail\" alt=\"\" loading=\"lazy\" style=\"width:100%;height:133.33%;max-width:1125px;\" \/><\/a>\n\t\t\t<\/div><\/figure><figure class='gallery-item'>\n\t\t\t<div class='gallery-icon landscape'>\n\t\t\t\t<a href='http:\/\/villa-blocher.de\/fr\/appartement\/olympus-digital-camera-7\/'><img width=\"150\" height=\"150\" src=\"http:\/\/villa-blocher.de\/fr\/wp-content\/uploads\/sites\/4\/2014\/09\/Haus-August2013-003-150x150.jpg\" class=\"attachment-thumbnail size-thumbnail\" alt=\"\" loading=\"lazy\" style=\"width:100%;height:75%;max-width:1500px;\" \/><\/a>\n\t\t\t<\/div><\/figure>\n\t\t<\/div>\n\n<p><strong>Cuisine<\/strong><\/p>\n<p>Une belle cuisine enti\u00e8rement \u00e9quip\u00e9e de mat\u00e9riel \u00e9lectrom\u00e9nager moderne avec lave-vaisselle vous invite \u00e0 cuisiner de bons petits plats. Le coin repas avec son po\u00eale \u00e0 bois vous permettra de passer d\u2019agr\u00e9ables soir\u00e9es.<\/p>\n<p><strong>Salon<\/strong><\/p>\n<p>Vous pourrez \u00e9galement vous retirer dans la partie salon o\u00f9 vous trouverez tout le confort n\u00e9cessaire pour vous d\u00e9tendre. Vous aurez \u00e9galement \u00e0 votre disposition le mat\u00e9riel n\u00e9cessaire pour vous distraire : t\u00e9l\u00e9vision (satellite), lecteur DVC, cha\u00eene HIFI ainsi que de la lecture.<\/p>\n<p><strong>Salle de bains<\/strong><\/p>\n<p>Dans l\u2019appartement vous disposerez \u00e9galement d\u2019une salle de bains avec douche et WC avec mise \u00e0 disposition gratuite de serviettes de toilette et s\u00e8che-cheveux.<\/p>\n<p><strong>Chambre \u00e0 coucher<\/strong><\/p>\n<p>La chambre \u00e0 coucher spacieuse est \u00e9quip\u00e9e d\u2019un grand lit double et d\u2019un lit d\u2019enfant. Les draps sont \u00e9galement mis gratuitement \u00e0 votre disposition. La chambre dispose d\u2019un large espace de rangement et vous procurera une bonne qualit\u00e9 de sommeil gr\u00e2ce \u00e0 son environnement calme.<\/p>\n<p><strong>Espace jardin<\/strong><\/p>\n<p>Vous pourrez \u00e9galement profiter de la terrasse am\u00e9nag\u00e9e sp\u00e9cialement pour vous dans l\u2019espace jardin laiss\u00e9 \u00e0 l\u2019\u00e9tat naturel et vous d\u00e9tendre \u00e0 votre aise.<\/p>\n<p><strong>Terrain de jeu attractif<\/strong><\/p>\n<p>Nos petits invit\u00e9s ne sont pas en reste non plus. Un terrain de jeu attractif et int\u00e9ressant se trouve juste en face de notre maison.<\/p>\n","protected":false},"excerpt":{"rendered":"<p>Vous logerez dans un appartement enti\u00e8rement r\u00e9nov\u00e9 avec go\u00fbt dans un style chalet, moderne et baign\u00e9 de lumi\u00e8re au premier \u00e9tage d\u2019une maison individuelle, con\u00e7u pour 2 personnes + 1 enfant. Nous vous offrons calme et d\u00e9tente loin du stress de la vie quotidienne. Cuisine Une belle cuisine enti\u00e8rement \u00e9quip\u00e9e de mat\u00e9riel \u00e9lectrom\u00e9nager moderne avec&hellip; <a class=\"more-link\" href=\"http:\/\/villa-blocher.de\/fr\/appartement\/\">Poursuivre la lecture <span class=\"screen-reader-text\">Appartement<\/span><\/a><\/p>\n","protected":false},"author":1,"featured_media":0,"parent":0,"menu_order":0,"comment_status":"closed","ping_status":"closed","template":"","meta":[],"_links":{"self":[{"href":"http:\/\/villa-blocher.de\/fr\/wp-json\/wp\/v2\/pages\/10"}],"collection":[{"href":"http:\/\/villa-blocher.de\/fr\/wp-json\/wp\/v2\/pages"}],"about":[{"href":"http:\/\/villa-blocher.de\/fr\/wp-json\/wp\/v2\/types\/page"}],"author":[{"embeddable":true,"href":"http:\/\/villa-blocher.de\/fr\/wp-json\/wp\/v2\/users\/1"}],"replies":[{"embeddable":true,"href":"http:\/\/villa-blocher.de\/fr\/wp-json\/wp\/v2\/comments?post=10"}],"version-history":[{"count":4,"href":"http:\/\/villa-blocher.de\/fr\/wp-json\/wp\/v2\/pages\/10\/revisions"}],"predecessor-version":[{"id":58,"href":"http:\/\/villa-blocher.de\/fr\/wp-json\/wp\/v2\/pages\/10\/revisions\/58"}],"wp:attachment":[{"href":"http:\/\/villa-blocher.de\/fr\/wp-json\/wp\/v2\/media?parent=10"}],"curies":[{"name":"wp","href":"https:\/\/api.w.org\/{rel}","templated":true}]}}