{"id":2,"date":"2014-08-24T07:15:33","date_gmt":"2014-08-24T07:15:33","guid":{"rendered":"http:\/\/neu.villa-blocher.de\/fr\/?page_id=2"},"modified":"2022-10-23T18:31:52","modified_gmt":"2022-10-23T16:31:52","slug":"beispiel-seite","status":"publish","type":"page","link":"http:\/\/villa-blocher.de\/fr\/","title":{"rendered":"Qu\u2019allez vous trouver chez nous"},"content":{"rendered":"<h2>Soyez les bienvenus en For\u00eat Noire!<\/h2>\n<p>Votre lieu de vill\u00e9giature se trouve dans une maison individuelle respectant les principes biologiques avec un jardin rest\u00e9 \u00e0 l\u2019\u00e9tat naturel dans le secteur de Reichenbach, b\u00e9n\u00e9ficiant d\u2019une situation calme <a href=\"http:\/\/www.stadt-gengenbach.de\/fr\/tourisme\/\" target=\"_blank\" rel=\"noopener\">(\u00e0 2 km de Gengenbach)<\/a>, nich\u00e9 dans la merveilleuse r\u00e9gion de Reichenbachtal aux pieds de la For\u00eat Noire, r\u00e9gion entour\u00e9e de vignes, prairies, for\u00eats et jouissant d\u2019un climat agr\u00e9able. En r\u00e9sum\u00e9, vous \u00eates arriv\u00e9s sur la C\u00f4te d\u2019Azur badoise ! Point de d\u00e9part de nombreuses excursions (r\u00e9gion des trois fronti\u00e8res \u2013 France \u2013 Suisse \u2013 Allemagne), randonn\u00e9es p\u00e9destres et \u00e0 v\u00e9lo. La r\u00e9gion offre \u00e9galement une riche vari\u00e9t\u00e9 des sites culturels extraordinaires.<\/p>\n","protected":false},"excerpt":{"rendered":"<p>Soyez les bienvenus en For\u00eat Noire! Votre lieu de vill\u00e9giature se trouve dans une maison individuelle respectant les principes biologiques avec un jardin rest\u00e9 \u00e0 l\u2019\u00e9tat naturel dans le secteur de Reichenbach, b\u00e9n\u00e9ficiant d\u2019une situation calme (\u00e0 2 km de Gengenbach), nich\u00e9 dans la merveilleuse r\u00e9gion de Reichenbachtal aux pieds de la For\u00eat Noire, r\u00e9gion&hellip; <a class=\"more-link\" href=\"http:\/\/villa-blocher.de\/fr\/\">Poursuivre la lecture <span class=\"screen-reader-text\">Qu\u2019allez vous trouver chez nous<\/span><\/a><\/p>\n","protected":false},"author":1,"featured_media":5,"parent":0,"menu_order":0,"comment_status":"closed","ping_status":"closed","template":"","meta":[],"_links":{"self":[{"href":"http:\/\/villa-blocher.de\/fr\/wp-json\/wp\/v2\/pages\/2"}],"collection":[{"href":"http:\/\/villa-blocher.de\/fr\/wp-json\/wp\/v2\/pages"}],"about":[{"href":"http:\/\/villa-blocher.de\/fr\/wp-json\/wp\/v2\/types\/page"}],"author":[{"embeddable":true,"href":"http:\/\/villa-blocher.de\/fr\/wp-json\/wp\/v2\/users\/1"}],"replies":[{"embeddable":true,"href":"http:\/\/villa-blocher.de\/fr\/wp-json\/wp\/v2\/comments?post=2"}],"version-history":[{"count":6,"href":"http:\/\/villa-blocher.de\/fr\/wp-json\/wp\/v2\/pages\/2\/revisions"}],"predecessor-version":[{"id":107,"href":"http:\/\/villa-blocher.de\/fr\/wp-json\/wp\/v2\/pages\/2\/revisions\/107"}],"wp:featuredmedia":[{"embeddable":true,"href":"http:\/\/villa-blocher.de\/fr\/wp-json\/wp\/v2\/media\/5"}],"wp:attachment":[{"href":"http:\/\/villa-blocher.de\/fr\/wp-json\/wp\/v2\/media?parent=2"}],"curies":[{"name":"wp","href":"https:\/\/api.w.org\/{rel}","templated":true}]}}