{"id":35,"date":"2014-09-11T19:41:03","date_gmt":"2014-09-11T17:41:03","guid":{"rendered":"http:\/\/neu.villa-blocher.de\/fr\/?page_id=35"},"modified":"2023-08-06T19:33:26","modified_gmt":"2023-08-06T17:33:26","slug":"equipement-prix","status":"publish","type":"page","link":"http:\/\/villa-blocher.de\/fr\/equipement-prix\/","title":{"rendered":"Equipement &#038; Prix"},"content":{"rendered":"<p><strong>Equipement de l\u2019appartement :<\/strong><\/p>\n<ul>\n<li>Surface habitable : environ 68m2 (am\u00e9nag\u00e9 avec go\u00fbt avec tout le confort n\u00e9cessaire) pour 2 personnes (plus \u00e9ventuellement 1 enfant) (appartement au 1er \u00e9tage d\u2019une maison individuelle avec beau jardin d\u2019agr\u00e9ment)<\/li>\n<li>Appartement non-fumeur<\/li>\n<li>Situation calme<\/li>\n<li>Cuisine am\u00e9ricaine \u00e9quip\u00e9e avec \u00e9lectrom\u00e9nager moderne, lave-vaisselle, four et plaques de cuisson, four \u00e0 micro-ondes, machine \u00e0 caf\u00e9 enti\u00e8rement automatique coin-repas.<\/li>\n<li>Poele \u00e0 bois dans l\u2019espace salon-salle \u00e0 manger.<\/li>\n<li>Coin salon-salle \u00e0 manger \u00e9quip\u00e9 d\u2019une TV (satelitte) \/ lecteur DVD \/ chaine HIFI- \/ revues et livres<\/li>\n<li>Chambre \u00e0 coucher avec grand lit double et beaucoup d\u2019espace de rangement et lit d\u2019enfant<\/li>\n<li>Salle de bains avec douche et WC, serviettes de toilette et s\u00e8che-cheveux.<\/li>\n<li>Espace jardin \u00e0 libre disposition avec beau mobilier<\/li>\n<li>Terrain de jeux pour enfants \u00e0 proximit\u00e9 imm\u00e9diate de la maison.<\/li>\n<li>Pr\u00eat de bicyclettes<\/li>\n<li>Pr\u00eat de b\u00e2tons pour marche nordique<\/li>\n<li>WIFI gratuit (sur demande)<\/li>\n<li>Les animaux de compagnie ne sont pas accept\u00e9s<\/li>\n<li>Il est recommand\u00e9 d\u2019avoir une voiture<\/li>\n<li>Un emplacement de parking priv\u00e9 est disponible.<\/li>\n<li>Sur demande : possibilit\u00e9 d\u2019utiliser lave-linge et s\u00e8che-linge. (Tarif 7 \u20ac)<\/li>\n<\/ul>\n<p><strong>Prix:<\/strong> Tarif actuel : 73 \u20ac le logement par nuit (pour une occupation sur la base de 2 personnes) + taxes de s\u00e9jour en vigueur par personne \/ par jour<\/p>\n<p><strong>Suppl\u00e9ment pour s\u00e9jour inf\u00e9rieur \u00e0 5 jours:<\/strong> 30 \u20ac<\/p>\n<p><strong>Suppl\u00e9ment pour les mesures d&rsquo;hygi\u00e8ne corona suppl\u00e9mentaires (par example la d\u00e9sinfection):<\/strong> 30 \u20ac<\/p>\n<p><strong>Dans le tarif sont inclus:<\/strong> linge de maison, serviettes de toilette, charges (\u00e9lectricit\u00e9 et eau)<\/p>\n<p><strong>Modalit\u00e9s de paiement:<\/strong> en esp\u00e8ces d\u00e8s l\u2019arriv\u00e9e ou par virement bancaire avant arriv\u00e9e<\/p>\n<p><strong>Jour d\u2019arriv\u00e9e:<\/strong> au choix \/ Horaires d\u2019arriv\u00e9e : \u00e0 partir de 13H00<\/p>\n<p><strong>Jour de d\u00e9part:<\/strong> au choix \/ Horaires de d\u00e9part : 10H00<\/p>\n","protected":false},"excerpt":{"rendered":"<p>Equipement de l\u2019appartement : Surface habitable : environ 68m2 (am\u00e9nag\u00e9 avec go\u00fbt avec tout le confort n\u00e9cessaire) pour 2 personnes (plus \u00e9ventuellement 1 enfant) (appartement au 1er \u00e9tage d\u2019une maison individuelle avec beau jardin d\u2019agr\u00e9ment) Appartement non-fumeur Situation calme Cuisine am\u00e9ricaine \u00e9quip\u00e9e avec \u00e9lectrom\u00e9nager moderne, lave-vaisselle, four et plaques de cuisson, four \u00e0 micro-ondes, machine&hellip; <a class=\"more-link\" href=\"http:\/\/villa-blocher.de\/fr\/equipement-prix\/\">Poursuivre la lecture <span class=\"screen-reader-text\">Equipement &#038; Prix<\/span><\/a><\/p>\n","protected":false},"author":1,"featured_media":0,"parent":0,"menu_order":0,"comment_status":"closed","ping_status":"closed","template":"","meta":[],"_links":{"self":[{"href":"http:\/\/villa-blocher.de\/fr\/wp-json\/wp\/v2\/pages\/35"}],"collection":[{"href":"http:\/\/villa-blocher.de\/fr\/wp-json\/wp\/v2\/pages"}],"about":[{"href":"http:\/\/villa-blocher.de\/fr\/wp-json\/wp\/v2\/types\/page"}],"author":[{"embeddable":true,"href":"http:\/\/villa-blocher.de\/fr\/wp-json\/wp\/v2\/users\/1"}],"replies":[{"embeddable":true,"href":"http:\/\/villa-blocher.de\/fr\/wp-json\/wp\/v2\/comments?post=35"}],"version-history":[{"count":12,"href":"http:\/\/villa-blocher.de\/fr\/wp-json\/wp\/v2\/pages\/35\/revisions"}],"predecessor-version":[{"id":112,"href":"http:\/\/villa-blocher.de\/fr\/wp-json\/wp\/v2\/pages\/35\/revisions\/112"}],"wp:attachment":[{"href":"http:\/\/villa-blocher.de\/fr\/wp-json\/wp\/v2\/media?parent=35"}],"curies":[{"name":"wp","href":"https:\/\/api.w.org\/{rel}","templated":true}]}}