{"id":39,"date":"2014-09-11T19:47:09","date_gmt":"2014-09-11T17:47:09","guid":{"rendered":"http:\/\/neu.villa-blocher.de\/fr\/?page_id=39"},"modified":"2022-10-23T18:32:19","modified_gmt":"2022-10-23T16:32:19","slug":"contact_acces","status":"publish","type":"page","link":"http:\/\/villa-blocher.de\/fr\/contact_acces\/","title":{"rendered":"Contact"},"content":{"rendered":"<p><strong>E-Mail:<\/strong> info@villa-blocher.de<\/p>\n<p><strong>T\u00e9l\u00e9phone:<\/strong> \u00a0+ 49 (0) 7803 92 15 442 (En cas d&rsquo;absence, merci d&rsquo;utiliser le r\u00e9pondeur automatique)<\/p>\n<p><strong>Portable:<\/strong> + 49 (0) 176 81 93 57 51<\/p>\n<p><strong>Adresse:<\/strong><br \/>\nFamilie Blocher-Haas<br \/>\nSchulstra\u00dfe 14<br \/>\nD-77723 Gengenbach<\/p>\n<h2>Acc\u00e8s<\/h2>\n<p><iframe loading=\"lazy\" src=\"https:\/\/www.google.com\/maps\/embed?pb=!1m14!1m8!1m3!1d5295.042120313897!2d8.020965875745539!3d48.42733849799367!3m2!1i1024!2i768!4f13.1!3m3!1m2!1s0x47912ad88e90aa7b%3A0x2d5f48af708e3619!2sSchulstra%C3%9Fe+14%2C+77723+Gengenbach!5e0!3m2!1sde!2sde!4v1409769647877\" width=\"600\" height=\"450\" frameborder=\"0\"><\/iframe><\/p>\n<p><strong>Les diff\u00e9rentes possibilit\u00e9s pour arriver chez nous:<\/strong><\/p>\n<p><strong>En voiture:<\/strong><\/p>\n<p>Autoroutes et routes nationales:<\/p>\n<ul>\n<li>A5: Karlsruhe-Basel: Sortie Offenburg, puis direction Villingen-Schwenningen B33<\/li>\n<li>A81: Stuttgart \u2013Singen Sortie Villingen-Schwenningen, B33 direction Offenburg<\/li>\n<\/ul>\n<p>Vous vous trouvez sur la B33 direction Villingen-Schwenningen (en venant de la A5 ou direction Offenburg (en venant de la A81), prendre la sortie Gengenbach Nord, direction Gengenbach, au rond-point prendre la 2e sortie direction Ohlsbach, apr\u00e8s 1 km et apr\u00e8s le pont (Sparkasse \u00e0 votre gauche) et apr\u00e8s environ 50 m\u00e8tres prendre la 1\u00e8re route \u00e0 droite, 3e maison (Schulstr. 14) du c\u00f4t\u00e9 droit en face du terrain de jeux pour enfants. Distance environ 12 km.<\/p>\n<p><strong>Avec les transports en commun (train ou bus)<\/strong><\/p>\n<p>Prendre un train jusqu\u2019\u00e0 Offenburg<\/p>\n<p>Arriv\u00e9e gare d\u2018Offenburg, puis train r\u00e9gional jusqu\u2019\u00e0 Gengenbach ou par bus jusqu\u2019\u00e0 Reichenbach. Nous vous recommandons de prendre un taxi de la gare ou du centre de Gengenbach jusqu\u2019\u00e0 Reichenbach. La gare de Gengenbach se trouve \u00e0 2 km de Reichenbach.<\/p>\n<ul>\n<li>L\u2019 arr\u00eat du bus de ligne r\u00e9guli\u00e8re se trouve \u00e0 100 m de la maison<\/li>\n<li>L\u2019 a\u00e9roport le plus proche se trouve \u00e0 42 km (Strasbourg\/Entzheim) ou Karlsruhe\/Baden-Baden<\/li>\n<\/ul>\n<p><strong>Taxi Tel: +49 (0) 7803 2690 <\/strong><\/p>\n","protected":false},"excerpt":{"rendered":"<p>E-Mail: info@villa-blocher.de T\u00e9l\u00e9phone: \u00a0+ 49 (0) 7803 92 15 442 (En cas d&rsquo;absence, merci d&rsquo;utiliser le r\u00e9pondeur automatique) Portable: + 49 (0) 176 81 93 57 51 Adresse: Familie Blocher-Haas Schulstra\u00dfe 14 D-77723 Gengenbach Acc\u00e8s Les diff\u00e9rentes possibilit\u00e9s pour arriver chez nous: En voiture: Autoroutes et routes nationales: A5: Karlsruhe-Basel: Sortie Offenburg, puis direction Villingen-Schwenningen&hellip; <a class=\"more-link\" href=\"http:\/\/villa-blocher.de\/fr\/contact_acces\/\">Poursuivre la lecture <span class=\"screen-reader-text\">Contact<\/span><\/a><\/p>\n","protected":false},"author":1,"featured_media":0,"parent":0,"menu_order":0,"comment_status":"closed","ping_status":"closed","template":"","meta":[],"_links":{"self":[{"href":"http:\/\/villa-blocher.de\/fr\/wp-json\/wp\/v2\/pages\/39"}],"collection":[{"href":"http:\/\/villa-blocher.de\/fr\/wp-json\/wp\/v2\/pages"}],"about":[{"href":"http:\/\/villa-blocher.de\/fr\/wp-json\/wp\/v2\/types\/page"}],"author":[{"embeddable":true,"href":"http:\/\/villa-blocher.de\/fr\/wp-json\/wp\/v2\/users\/1"}],"replies":[{"embeddable":true,"href":"http:\/\/villa-blocher.de\/fr\/wp-json\/wp\/v2\/comments?post=39"}],"version-history":[{"count":8,"href":"http:\/\/villa-blocher.de\/fr\/wp-json\/wp\/v2\/pages\/39\/revisions"}],"predecessor-version":[{"id":89,"href":"http:\/\/villa-blocher.de\/fr\/wp-json\/wp\/v2\/pages\/39\/revisions\/89"}],"wp:attachment":[{"href":"http:\/\/villa-blocher.de\/fr\/wp-json\/wp\/v2\/media?parent=39"}],"curies":[{"name":"wp","href":"https:\/\/api.w.org\/{rel}","templated":true}]}}